{"id":159,"date":"2021-11-11T14:27:39","date_gmt":"2021-11-11T19:27:39","guid":{"rendered":"https:\/\/bravo-soprema.ca\/?page_id=159"},"modified":"2026-01-26T14:53:49","modified_gmt":"2026-01-26T19:53:49","slug":"good-moves-2025","status":"publish","type":"page","link":"https:\/\/bravo-soprema.ca\/en\/good-moves-2025\/","title":{"rendered":"Good moves 2026"},"content":{"rendered":"<p>[vc_row unlock_row_content=&#8221;yes&#8221; row_height_percent=&#8221;0&#8243; override_padding=&#8221;yes&#8221; h_padding=&#8221;0&#8243; top_padding=&#8221;2&#8243; bottom_padding=&#8221;2&#8243; back_color=&#8221;color-nhtu&#8221; back_image=&#8221;1134&#8243; overlay_alpha=&#8221;50&#8243; gutter_size=&#8221;3&#8243; column_width_percent=&#8221;100&#8243; shift_y=&#8221;0&#8243; z_index=&#8221;0&#8243; uncode_shortcode_id=&#8221;156093&#8243; back_color_type=&#8221;uncode-palette&#8221;][vc_column column_width_use_pixel=&#8221;yes&#8221; position_horizontal=&#8221;right&#8221; position_vertical=&#8221;middle&#8221; gutter_size=&#8221;0&#8243; override_padding=&#8221;yes&#8221; column_padding=&#8221;2&#8243; overlay_alpha=&#8221;50&#8243; shift_x=&#8221;0&#8243; shift_y=&#8221;0&#8243; shift_y_down=&#8221;0&#8243; z_index=&#8221;0&#8243; medium_width=&#8221;0&#8243; mobile_width=&#8221;0&#8243; width=&#8221;1\/2&#8243; uncode_shortcode_id=&#8221;126001&#8243; column_width_pixel=&#8221;760&#8243;][vc_custom_heading text_color=&#8221;color-xsdn&#8221; text_font=&#8221;font-162061&#8243; text_size=&#8221;h1&#8243; text_weight=&#8221;400&#8243; uncode_shortcode_id=&#8221;236802&#8243; text_color_type=&#8221;uncode-palette&#8221;]The list[\/vc_custom_heading][vc_custom_heading text_color=&#8221;color-xsdn&#8221; text_size=&#8221;bigtext&#8221; text_weight=&#8221;900&#8243; text_transform=&#8221;uppercase&#8221; uncode_shortcode_id=&#8221;140138&#8243; text_color_type=&#8221;uncode-palette&#8221;]OF Good moves 2026[\/vc_custom_heading][\/vc_column][vc_column column_width_percent=&#8221;100&#8243; align_horizontal=&#8221;align_right&#8221; gutter_size=&#8221;3&#8243; overlay_alpha=&#8221;50&#8243; shift_x=&#8221;0&#8243; shift_y=&#8221;3&#8243; shift_y_down=&#8221;0&#8243; z_index=&#8221;0&#8243; medium_width=&#8221;0&#8243; mobile_width=&#8221;0&#8243; width=&#8221;1\/2&#8243; uncode_shortcode_id=&#8221;278530&#8243;][vc_single_image media=&#8221;1141&#8243; media_width_use_pixel=&#8221;yes&#8221; alignment=&#8221;right&#8221; css_animation=&#8221;parallax&#8221; parallax_intensity=&#8221;6&#8243; uncode_shortcode_id=&#8221;182384&#8243; media_width_pixel=&#8221;500&#8243;][\/vc_column][\/vc_row][vc_row row_height_percent=&#8221;0&#8243; override_padding=&#8221;yes&#8221; h_padding=&#8221;0&#8243; top_padding=&#8221;2&#8243; bottom_padding=&#8221;2&#8243; back_color=&#8221;color-xsdn&#8221; overlay_alpha=&#8221;50&#8243; gutter_size=&#8221;3&#8243; column_width_percent=&#8221;100&#8243; shift_y=&#8221;0&#8243; z_index=&#8221;0&#8243; uncode_shortcode_id=&#8221;172576&#8243; back_color_type=&#8221;uncode-palette&#8221;][vc_column column_width_percent=&#8221;100&#8243; position_vertical=&#8221;middle&#8221; align_horizontal=&#8221;align_center&#8221; gutter_size=&#8221;0&#8243; overlay_alpha=&#8221;50&#8243; shift_x=&#8221;0&#8243; shift_y=&#8221;0&#8243; shift_y_down=&#8221;0&#8243; z_index=&#8221;0&#8243; medium_width=&#8221;0&#8243; mobile_width=&#8221;0&#8243; width=&#8221;1\/1&#8243; uncode_shortcode_id=&#8221;868766&#8243;][vc_column_text uncode_shortcode_id=&#8221;196271&#8243;]<div id=\"gv-view-1051-1\" class=\"gv-template-list\">\t\t<div class=\"gv-grid gv-widgets-header gv-widgets-no-results\">\n\t\t\t\t\t\t\t<div class=\"gv-grid-row\">\n\t\t\t\t\t\t\t\t\t<div class=\"gv-grid-col-1-1 gv-left\">\n\t\t\t\t\t\t\n<form class=\"gv-widget-search gv-search-rows\"\n\t  method=\"get\" action=\"https:\/\/bravo-soprema.ca\/en\/good-moves-2025\/#gv-view-1051-1\"\n\t  data-viewid=\"1051\">\n\t\n\t<div class=\"gv-widget-search-general-search gv-grid\">\n\t\t\t<div class=\"gv-grid-row\">\n\t\t\t\t\t<div class=\"gv-grid-col-2-3\">\n\t\t\t\t<div class=\"gv-search-widget-area\">\n<div class=\"gv-search-box gv-search-field-text gv-search-field-search_all \">\n    <div class=\"gv-search\">\n\t\t        <p>\n\t\t\t<input type=\"search\" name=\"gv_search\" id=\"gv_search_1051\" value=\"\" placeholder=\"\"\/>        <\/p>\n    <\/div>\n<\/div>\n<\/div>\t\t\t<\/div>\n\t\t\t\t\t<div class=\"gv-grid-col-1-3\">\n\t\t\t\t<div class=\"gv-search-widget-area\"><div class=\"gv-search-box gv-search-box-submit \">\n\t<a class=\"button gv-search-clear\" href=\"\/en\/wp-json\/wp\/v2\/pages\/159\">Clear<\/a><input type=\"submit\" class=\"button gv-search-button\" id=\"gv_search_button_1051\" value=\"Search\"\/><\/div>\n<input type=\"hidden\" name=\"mode\" value=\"any\">\n<\/div>\t\t\t<\/div>\n\t\t\t<\/div>\n\t<\/div>\n\n\t\n\t<\/form>\n\t\t\t\t\t<\/div>\n\t\t\t\t\t\t\t\t<\/div>\n\t\t\t\t\t\t\t<div class=\"gv-grid-row\">\n\t\t\t\t\t\t\t\t\t<div class=\"gv-grid-col-1-2 left gv-left\">\n\t\t\t\t\t\t\t\t\t\t\t<\/div>\n\t\t\t\t\t\t\t\t\t<div class=\"gv-grid-col-1-2 right gv-right\">\n\t\t\t\t\t\t\t\t\t\t\t<\/div>\n\t\t\t\t\t\t\t\t<\/div>\n\t\t\t\t\t<\/div>\n\n\t\t<div itemscope itemtype=\"https:\/\/schema.org\/Thing\" id=\"gv-item-reviewed\" itemprop=\"itemReviewed\"><div class=\"gv-list-container gv-list-multiple-container gv-container gv-container-1051 gv-container-no-results\">\n\t\t<div class=\"gv-list-view gv-no-results gv-no-results-text\">\n\t\t<div class=\"gv-list-view-title\">\n\t\t\t<h3><p>No entries at this time.<\/p>\n<\/h3>\n\t\t<\/div>\n\t<\/div>\n\t\t<\/div>\n\t\t<style>\n\t\t\t.fancybox-container {\n\t\t\t\tz-index: 100000; \/** Divi is 99999 *\/\n\t\t\t}\n\n\t\t\t.admin-bar .fancybox-container {\n\t\t\t\tmargin-top: 32px;\n\t\t\t}\n\t\t<\/style>\n\t\t<script>\n\t\t\tif ( window.Fancybox ){\n\t\t\t\tFancybox.bind(\".gravityview-fancybox\", {\"animationEffect\":\"fade\",\"toolbar\":true,\"closeExisting\":true,\"arrows\":true,\"buttons\":[\"thumbs\",\"close\"],\"i18n\":{\"en\":{\"CLOSE\":\"Close\",\"NEXT\":\"Next\",\"PREV\":\"Previous\",\"ERROR\":\"The requested content cannot be loaded. Please try again later.\",\"PLAY_START\":\"Start slideshow\",\"PLAY_STOP\":\"Pause slideshow\",\"FULL_SCREEN\":\"Full screen\",\"THUMBS\":\"Thumbnails\",\"DOWNLOAD\":\"Download\",\"SHARE\":\"Share\",\"ZOOM\":\"Zoom\"}}});\n\t\t\t}\n\t\t<\/script>\n\t\t\t\t<div class=\"gv-grid gv-widgets-footer gv-widgets-no-results\">\n\t\t\t\t\t\t\t<div class=\"gv-grid-row\">\n\t\t\t\t\t\t\t\t\t<div class=\"gv-grid-col-1-2 left gv-left\">\n\t\t\t\t\t\t\t\t\t\t\t<\/div>\n\t\t\t\t\t\t\t\t\t<div class=\"gv-grid-col-1-2 right gv-right\">\n\t\t\t\t\t\t\t\t\t\t\t<\/div>\n\t\t\t\t\t\t\t\t<\/div>\n\t\t\t\t\t<\/div>\n\n\t\t<input type=\"hidden\" class=\"gravityview-view-id\" value=\"1051\"><\/div><\/div>[\/vc_column_text][\/vc_column][\/vc_row]<\/p>\n","protected":false},"excerpt":{"rendered":"<p>[vc_row unlock_row_content=&#8221;yes&#8221; row_height_percent=&#8221;0&#8243; override_padding=&#8221;yes&#8221; h_padding=&#8221;0&#8243; top_padding=&#8221;2&#8243; bottom_padding=&#8221;2&#8243; back_color=&#8221;color-nhtu&#8221; back_image=&#8221;1134&#8243; overlay_alpha=&#8221;50&#8243; gutter_size=&#8221;3&#8243; column_width_percent=&#8221;100&#8243; shift_y=&#8221;0&#8243; z_index=&#8221;0&#8243; uncode_shortcode_id=&#8221;156093&#8243; back_color_type=&#8221;uncode-palette&#8221;][vc_column column_width_use_pixel=&#8221;yes&#8221; position_horizontal=&#8221;right&#8221; position_vertical=&#8221;middle&#8221; gutter_size=&#8221;0&#8243; [&hellip;]<\/p>\n","protected":false},"author":2,"featured_media":0,"parent":0,"menu_order":0,"comment_status":"closed","ping_status":"closed","template":"","meta":{"footnotes":""},"class_list":["post-159","page","type-page","status-publish","hentry"],"yoast_head":"<!-- This site is optimized with the Yoast SEO plugin v26.5 - https:\/\/yoast.com\/wordpress\/plugins\/seo\/ -->\n<title>Good moves 2026 - Bravo Soprema<\/title>\n<meta name=\"robots\" content=\"noindex, follow, max-snippet:-1, max-image-preview:large, max-video-preview:-1\" \/>\n<meta property=\"og:locale\" content=\"en_US\" \/>\n<meta property=\"og:type\" content=\"article\" \/>\n<meta property=\"og:title\" content=\"Good moves 2026 - Bravo Soprema\" \/>\n<meta property=\"og:description\" content=\"[vc_row unlock_row_content=&#8221;yes&#8221; row_height_percent=&#8221;0&#8243; override_padding=&#8221;yes&#8221; h_padding=&#8221;0&#8243; top_padding=&#8221;2&#8243; bottom_padding=&#8221;2&#8243; back_color=&#8221;color-nhtu&#8221; back_image=&#8221;1134&#8243; overlay_alpha=&#8221;50&#8243; gutter_size=&#8221;3&#8243; column_width_percent=&#8221;100&#8243; shift_y=&#8221;0&#8243; z_index=&#8221;0&#8243; uncode_shortcode_id=&#8221;156093&#8243; back_color_type=&#8221;uncode-palette&#8221;][vc_column column_width_use_pixel=&#8221;yes&#8221; position_horizontal=&#8221;right&#8221; position_vertical=&#8221;middle&#8221; gutter_size=&#8221;0&#8243; [&hellip;]\" \/>\n<meta property=\"og:url\" content=\"https:\/\/bravo-soprema.ca\/en\/good-moves-2025\/\" \/>\n<meta property=\"og:site_name\" content=\"Bravo Soprema\" \/>\n<meta property=\"article:modified_time\" content=\"2026-01-26T19:53:49+00:00\" \/>\n<meta name=\"twitter:card\" content=\"summary_large_image\" \/>\n<meta name=\"twitter:label1\" content=\"Est. reading time\" \/>\n\t<meta name=\"twitter:data1\" content=\"1 minute\" \/>\n<script type=\"application\/ld+json\" class=\"yoast-schema-graph\">{\"@context\":\"https:\/\/schema.org\",\"@graph\":[{\"@type\":\"WebPage\",\"@id\":\"https:\/\/bravo-soprema.ca\/en\/good-moves-2025\/\",\"url\":\"https:\/\/bravo-soprema.ca\/en\/good-moves-2025\/\",\"name\":\"Good moves 2026 - Bravo Soprema\",\"isPartOf\":{\"@id\":\"https:\/\/bravo-soprema.ca\/#website\"},\"datePublished\":\"2021-11-11T19:27:39+00:00\",\"dateModified\":\"2026-01-26T19:53:49+00:00\",\"breadcrumb\":{\"@id\":\"https:\/\/bravo-soprema.ca\/en\/good-moves-2025\/#breadcrumb\"},\"inLanguage\":\"en-US\",\"potentialAction\":[{\"@type\":\"ReadAction\",\"target\":[\"https:\/\/bravo-soprema.ca\/en\/good-moves-2025\/\"]}]},{\"@type\":\"BreadcrumbList\",\"@id\":\"https:\/\/bravo-soprema.ca\/en\/good-moves-2025\/#breadcrumb\",\"itemListElement\":[{\"@type\":\"ListItem\",\"position\":1,\"name\":\"Accueil\",\"item\":\"https:\/\/bravo-soprema.ca\/en\/\"},{\"@type\":\"ListItem\",\"position\":2,\"name\":\"Good moves 2026\"}]},{\"@type\":\"WebSite\",\"@id\":\"https:\/\/bravo-soprema.ca\/#website\",\"url\":\"https:\/\/bravo-soprema.ca\/\",\"name\":\"Bravo Soprema\",\"description\":\"Soulignez un bon coup que vous ou un coll\u00e8gue avez r\u00e9alis\u00e9 cette ann\u00e9e chez SOPREMA\",\"potentialAction\":[{\"@type\":\"SearchAction\",\"target\":{\"@type\":\"EntryPoint\",\"urlTemplate\":\"https:\/\/bravo-soprema.ca\/?s={search_term_string}\"},\"query-input\":{\"@type\":\"PropertyValueSpecification\",\"valueRequired\":true,\"valueName\":\"search_term_string\"}}],\"inLanguage\":\"en-US\"}]}<\/script>\n<!-- \/ Yoast SEO plugin. -->","yoast_head_json":{"title":"Good moves 2026 - Bravo Soprema","robots":{"index":"noindex","follow":"follow","max-snippet":"max-snippet:-1","max-image-preview":"max-image-preview:large","max-video-preview":"max-video-preview:-1"},"og_locale":"en_US","og_type":"article","og_title":"Good moves 2026 - Bravo Soprema","og_description":"[vc_row unlock_row_content=&#8221;yes&#8221; row_height_percent=&#8221;0&#8243; override_padding=&#8221;yes&#8221; h_padding=&#8221;0&#8243; top_padding=&#8221;2&#8243; bottom_padding=&#8221;2&#8243; back_color=&#8221;color-nhtu&#8221; back_image=&#8221;1134&#8243; overlay_alpha=&#8221;50&#8243; gutter_size=&#8221;3&#8243; column_width_percent=&#8221;100&#8243; shift_y=&#8221;0&#8243; z_index=&#8221;0&#8243; uncode_shortcode_id=&#8221;156093&#8243; back_color_type=&#8221;uncode-palette&#8221;][vc_column column_width_use_pixel=&#8221;yes&#8221; position_horizontal=&#8221;right&#8221; position_vertical=&#8221;middle&#8221; gutter_size=&#8221;0&#8243; [&hellip;]","og_url":"https:\/\/bravo-soprema.ca\/en\/good-moves-2025\/","og_site_name":"Bravo Soprema","article_modified_time":"2026-01-26T19:53:49+00:00","twitter_card":"summary_large_image","twitter_misc":{"Est. reading time":"1 minute"},"schema":{"@context":"https:\/\/schema.org","@graph":[{"@type":"WebPage","@id":"https:\/\/bravo-soprema.ca\/en\/good-moves-2025\/","url":"https:\/\/bravo-soprema.ca\/en\/good-moves-2025\/","name":"Good moves 2026 - Bravo Soprema","isPartOf":{"@id":"https:\/\/bravo-soprema.ca\/#website"},"datePublished":"2021-11-11T19:27:39+00:00","dateModified":"2026-01-26T19:53:49+00:00","breadcrumb":{"@id":"https:\/\/bravo-soprema.ca\/en\/good-moves-2025\/#breadcrumb"},"inLanguage":"en-US","potentialAction":[{"@type":"ReadAction","target":["https:\/\/bravo-soprema.ca\/en\/good-moves-2025\/"]}]},{"@type":"BreadcrumbList","@id":"https:\/\/bravo-soprema.ca\/en\/good-moves-2025\/#breadcrumb","itemListElement":[{"@type":"ListItem","position":1,"name":"Accueil","item":"https:\/\/bravo-soprema.ca\/en\/"},{"@type":"ListItem","position":2,"name":"Good moves 2026"}]},{"@type":"WebSite","@id":"https:\/\/bravo-soprema.ca\/#website","url":"https:\/\/bravo-soprema.ca\/","name":"Bravo Soprema","description":"Soulignez un bon coup que vous ou un coll\u00e8gue avez r\u00e9alis\u00e9 cette ann\u00e9e chez SOPREMA","potentialAction":[{"@type":"SearchAction","target":{"@type":"EntryPoint","urlTemplate":"https:\/\/bravo-soprema.ca\/?s={search_term_string}"},"query-input":{"@type":"PropertyValueSpecification","valueRequired":true,"valueName":"search_term_string"}}],"inLanguage":"en-US"}]}},"_links":{"self":[{"href":"https:\/\/bravo-soprema.ca\/en\/wp-json\/wp\/v2\/pages\/159","targetHints":{"allow":["GET"]}}],"collection":[{"href":"https:\/\/bravo-soprema.ca\/en\/wp-json\/wp\/v2\/pages"}],"about":[{"href":"https:\/\/bravo-soprema.ca\/en\/wp-json\/wp\/v2\/types\/page"}],"author":[{"embeddable":true,"href":"https:\/\/bravo-soprema.ca\/en\/wp-json\/wp\/v2\/users\/2"}],"replies":[{"embeddable":true,"href":"https:\/\/bravo-soprema.ca\/en\/wp-json\/wp\/v2\/comments?post=159"}],"version-history":[{"count":17,"href":"https:\/\/bravo-soprema.ca\/en\/wp-json\/wp\/v2\/pages\/159\/revisions"}],"predecessor-version":[{"id":1150,"href":"https:\/\/bravo-soprema.ca\/en\/wp-json\/wp\/v2\/pages\/159\/revisions\/1150"}],"wp:attachment":[{"href":"https:\/\/bravo-soprema.ca\/en\/wp-json\/wp\/v2\/media?parent=159"}],"curies":[{"name":"wp","href":"https:\/\/api.w.org\/{rel}","templated":true}]}}